{"id":2798,"date":"2020-03-21T16:50:17","date_gmt":"2020-03-21T19:50:17","guid":{"rendered":"http:\/\/lp.agrointeli.com.br\/LP\/?page_id=2798"},"modified":"2020-03-30T19:42:03","modified_gmt":"2020-03-30T22:42:03","slug":"planilha-calibracao-de-adubo","status":"publish","type":"page","link":"https:\/\/lp.agrointeli.com.br\/LP\/planilha-calibracao-de-adubo\/","title":{"rendered":"Planilha Calibra\u00e7\u00e3o de Adubo"},"content":{"rendered":"\t\t<div data-elementor-type=\"wp-page\" data-elementor-id=\"2798\" class=\"elementor elementor-2798\" data-elementor-settings=\"[]\">\n\t\t\t<div class=\"elementor-inner\">\n\t\t\t\t<div class=\"elementor-section-wrap\">\n\t\t\t\t\t\t\t<section class=\"elementor-element elementor-element-f686eeb elementor-section-boxed elementor-section-height-default elementor-section-height-default elementor-section elementor-top-section\" data-id=\"f686eeb\" data-element_type=\"section\">\n\t\t\t\t\t\t<div class=\"elementor-container elementor-column-gap-default\">\n\t\t\t\t<div class=\"elementor-row\">\n\t\t\t\t<div class=\"elementor-element elementor-element-e3b4576 elementor-column elementor-col-100 elementor-top-column\" data-id=\"e3b4576\" data-element_type=\"column\">\n\t\t\t<div class=\"elementor-column-wrap  elementor-element-populated\">\n\t\t\t\t\t<div class=\"elementor-widget-wrap\">\n\t\t\t\t<div class=\"elementor-element elementor-element-1fea550 elementor-widget elementor-widget-image\" data-id=\"1fea550\" data-element_type=\"widget\" data-widget_type=\"image.default\">\n\t\t\t\t<div class=\"elementor-widget-container\">\n\t\t\t\t\t<div class=\"elementor-image\">\n\t\t\t\t\t\t\t\t\t\t\t<a href=\"http:\/\/agrointeli.com.br\/\">\n\t\t\t\t\t\t\t<img width=\"300\" height=\"38\" src=\"https:\/\/lp.agrointeli.com.br\/LP\/wp-content\/uploads\/2020\/03\/agro-300x38.png\" class=\"attachment-medium size-medium\" alt=\"\" loading=\"lazy\" srcset=\"https:\/\/lp.agrointeli.com.br\/LP\/wp-content\/uploads\/2020\/03\/agro-300x38.png 300w, https:\/\/lp.agrointeli.com.br\/LP\/wp-content\/uploads\/2020\/03\/agro-1024x129.png 1024w, https:\/\/lp.agrointeli.com.br\/LP\/wp-content\/uploads\/2020\/03\/agro-768x97.png 768w, https:\/\/lp.agrointeli.com.br\/LP\/wp-content\/uploads\/2020\/03\/agro-1536x194.png 1536w, https:\/\/lp.agrointeli.com.br\/LP\/wp-content\/uploads\/2020\/03\/agro-2048x258.png 2048w, https:\/\/lp.agrointeli.com.br\/LP\/wp-content\/uploads\/2020\/03\/agro-1080x136.png 1080w, https:\/\/lp.agrointeli.com.br\/LP\/wp-content\/uploads\/2020\/03\/agro-610x77.png 610w, https:\/\/lp.agrointeli.com.br\/LP\/wp-content\/uploads\/2020\/03\/agro-750x95.png 750w, https:\/\/lp.agrointeli.com.br\/LP\/wp-content\/uploads\/2020\/03\/agro-1140x144.png 1140w\" sizes=\"100vw\" \/>\t\t\t\t\t\t\t\t<\/a>\n\t\t\t\t\t\t\t\t\t\t\t<\/div>\n\t\t\t\t<\/div>\n\t\t\t\t<\/div>\n\t\t\t\t\t\t<\/div>\n\t\t\t<\/div>\n\t\t<\/div>\n\t\t\t\t\t\t<\/div>\n\t\t\t<\/div>\n\t\t<\/section>\n\t\t\t\t<section class=\"elementor-element elementor-element-2336c2c elementor-section-stretched elementor-section-full_width elementor-section-height-full elementor-section-height-default elementor-section-items-middle elementor-section elementor-top-section\" data-id=\"2336c2c\" data-element_type=\"section\" data-settings=\"{&quot;stretch_section&quot;:&quot;section-stretched&quot;,&quot;background_background&quot;:&quot;video&quot;,&quot;background_video_link&quot;:&quot;https:\\\/\\\/www.youtube.com\\\/watch?v=RmeLBGO3Pzo&quot;,&quot;background_video_start&quot;:0,&quot;background_video_end&quot;:1000000}\">\n\t\t\t\t\t\t\t\t<div class=\"elementor-background-video-container elementor-hidden-phone\">\n\t\t\t\t\t\t\t\t\t\t\t\t\t<div class=\"elementor-background-video-embed\"><\/div>\n\t\t\t\t\t\t\t\t\t\t\t\t<\/div>\n\t\t\t\t\t\t\t\t\t<div class=\"elementor-background-overlay\"><\/div>\n\t\t\t\t\t\t\t<div class=\"elementor-container elementor-column-gap-default\">\n\t\t\t\t<div class=\"elementor-row\">\n\t\t\t\t<div class=\"elementor-element elementor-element-4e9bace elementor-column elementor-col-50 elementor-top-column\" data-id=\"4e9bace\" data-element_type=\"column\">\n\t\t\t<div class=\"elementor-column-wrap  elementor-element-populated\">\n\t\t\t\t\t<div class=\"elementor-widget-wrap\">\n\t\t\t\t<div class=\"elementor-element elementor-element-809f52e elementor-widget elementor-widget-heading\" data-id=\"809f52e\" data-element_type=\"widget\" data-widget_type=\"heading.default\">\n\t\t\t\t<div class=\"elementor-widget-container\">\n\t\t\t<h2 class=\"elementor-heading-title elementor-size-default\">Planilha Gratuita de <br>Calibra\u00e7\u00e3o de Adubo <br>Para a sua Lavoura de Gr\u00e3os<\/h2>\t\t<\/div>\n\t\t\t\t<\/div>\n\t\t\t\t<div class=\"elementor-element elementor-element-ce38ea0 elementor-widget elementor-widget-image\" data-id=\"ce38ea0\" data-element_type=\"widget\" data-widget_type=\"image.default\">\n\t\t\t\t<div class=\"elementor-widget-container\">\n\t\t\t\t\t<div class=\"elementor-image\">\n\t\t\t\t\t\t\t\t\t\t<img src=\"https:\/\/blog.agrointeli.com.br\/blog\/wp-content\/uploads\/2019\/12\/2000px-Microsoft_Excel_2013_logo.svg_-1024x1006.png\" title=\"\" alt=\"\" \/>\t\t\t\t\t\t\t\t\t\t\t<\/div>\n\t\t\t\t<\/div>\n\t\t\t\t<\/div>\n\t\t\t\t\t\t<\/div>\n\t\t\t<\/div>\n\t\t<\/div>\n\t\t\t\t<div class=\"elementor-element elementor-element-806387d elementor-column elementor-col-50 elementor-top-column\" data-id=\"806387d\" data-element_type=\"column\">\n\t\t\t<div class=\"elementor-column-wrap  elementor-element-populated\">\n\t\t\t\t\t<div class=\"elementor-widget-wrap\">\n\t\t\t\t<div class=\"elementor-element elementor-element-68715ee elementor-invisible elementor-widget elementor-widget-html\" data-id=\"68715ee\" data-element_type=\"widget\" data-settings=\"{&quot;_animation&quot;:&quot;flash&quot;}\" data-widget_type=\"html.default\">\n\t\t\t\t<div class=\"elementor-widget-container\">\n\t\t\t<!-- Formul\u00e1rio -->\r\n<style>body {background-color: transparent !important; } <\/style>\r\n   <link rel='stylesheet' href='https:\/\/blob.llimages.com\/machine-files\/all-css\/form-ll.css'>\r\n   <form action=\"https:\/\/paginas.rocks\/Pages\/Index\/268481\" method=\"post\" >  \r\n   <input id=\"id\" name=\"id\" type=\"hidden\" value=\"268481\" \/>  \r\n   <input id=\"pid\" name=\"pid\" type=\"hidden\" value=\"10101353\" \/>  \r\n   <input id=\"list_id\" name=\"list_id\" type=\"hidden\" value=\"268481\" \/>  \r\n   <input id=\"provider\" name=\"provider\" type=\"hidden\" value=\"leadlovers\" \/>   \r\n   <label style=\"color: rgb(255,255,255) !important;\" for=\"name\">Nome:<\/label>   \r\n   <input style=\"background-color: rgb(255,255,255) !important;\" class=\"form-control form-ll\" id=\"name\" name=\"name\" placeholder=\"Informe o seu nome\" type=\"text\"  \/>   \r\n   <label style=\"color: rgb(255,255,255) !important;\" for=\"email\">E-mail:<\/label>   \r\n   <input style=\"background-color: rgb(255,255,255) !important;\" class=\"form-control form-ll\" id=\"email\" name=\"email\" placeholder=\"Informe o seu email\" type=\"text\" \/>   \r\n   <label style=\"color: rgb(255,255,255) !important;\" for=\"phone\">Telefone:<\/label>   \r\n   <input style=\"background-color: rgb(255,255,255) !important;\" class=\"form-control form-ll\" id=\"phone\" name=\"phone\" placeholder=\"Informe o telefone\" type=\"text\" \/>   \r\n   <!-- Formul\u00e1rio abaixo-->\r\n   <label style=\"color: rgb(255,255,255) !important;\" for=\"company\">\u00c1rea do plantio (em hectares):<\/label>\r\n   <select  style=\"background-color: rgb(255,255,255)  !important;\"  name=\"company\" id=\"company\" class=\"form-control form-ll\" >\r\n        \t<option value='selecione'> Selecione ...<\/option>\r\n\t\t<option  value=\"1 a 50\">1 a 50<\/option>\r\n        <option  value=\"51 a 300\">51 a 300<\/option>\r\n        <option value=\"301 a 700\">301 a 700<\/option>\r\n        <option value=\"701 a 2000\">701 a 2000<\/option>\r\n        <option value=\"2001 a 5000\" >2001 a 5000<\/option>\r\n        <option value=\"Acima de 5000\">Acima de 5000<\/option>\r\n    <\/select>\r\n  <!-- ativiade agricola-->\r\n   <label style=\"color: rgb(255,255,255) !important;\" for=\"city\">Atividade Agr\u00edcola<\/label>\r\n\t\t<select style=\"background-color: rgb(255,255,255) !important;\" name=\"city\" id=\"city\" class=\"form-control form-ll\"  >\r\n\t\t\t<option value='selecione'> Selecione ...<\/option>\r\n\t<option value=\"Gr\u00e3os\">Gr\u00e3os (arroz, milho, soja, feij\u00e3o etc)<\/option>\r\n<option value=\"Cana-de-a\u00e7\u00facar\">Cana-de-a\u00e7\u00facar<\/option>\r\n<option value=\"Pecuaria\">Pecu\u00e1ria<\/option>\r\n<option value=\"Cafeicultura\">Cafeicultura<\/option>\r\n<option value=\"integracao\">Integra\u00e7\u00e3o (Pecu\u00e1ria e Gr\u00e3os)<\/option>\r\n<option value=\"outros\">Outros<\/option>\r\n\t\t<\/select>\r\n  <!-- voce \u00e9-->\r\n   <label style=\"color: rgb(255,255,255) !important;\" for=\"state\">Voc\u00ea \u00e9 ?<\/label>\r\n   <select style=\"background-color: rgb(255,255,255)  !important;\" name=\"state\" id=\"state\" class=\"form-control form-ll\" >\r\n\t\t<option value=\"Produtor (a) Rural\">Produtor (a) Rural<\/option>\r\n<option value=\"Consultor (a) Agr\u00edcola\">Consultor (a) Agr\u00edcola<\/option>\r\n<option value=\"Grupo Agr\u00edcola\">Grupo Agr\u00edcola<\/option>\r\n<option value=\"Cooperativa\">Cooperativa<\/option>\r\n<option value=\"Revenda de Insumos\">Revenda de Insumos<\/option>\r\n<option value=\"Estudante\">Estudante<\/option>\r\n\t<\/select> \r\n   <button class=\"btn btn-danger\" style=\"padding: 10px 40px; margin:15px 0 5px; background-color: rgba(65, 179, 65, 1); border-color: rgba(65, 179, 65, 1) !important; \" type=\"submit\">Fazer Download da Planilha Agora<\/button>  \r\n   <input type=\"hidden\" id=\"source\" name=\"source\" value=\"\" \/>  \r\n   <img src=\"https:\/\/llimages.com\/redirect\/redirect.aspx?A=V&p=10101353&m=268481\" style=\"display: none;\" \/>\r\n<\/form>\t\t<\/div>\n\t\t\t\t<\/div>\n\t\t\t\t\t\t<\/div>\n\t\t\t<\/div>\n\t\t<\/div>\n\t\t\t\t\t\t<\/div>\n\t\t\t<\/div>\n\t\t<\/section>\n\t\t\t\t<section class=\"elementor-element elementor-element-74dcb67 elementor-section-boxed elementor-section-height-default elementor-section-height-default elementor-section elementor-top-section\" data-id=\"74dcb67\" data-element_type=\"section\">\n\t\t\t\t\t\t<div class=\"elementor-container elementor-column-gap-default\">\n\t\t\t\t<div class=\"elementor-row\">\n\t\t\t\t<div class=\"elementor-element elementor-element-81384fa elementor-column elementor-col-100 elementor-top-column\" data-id=\"81384fa\" data-element_type=\"column\">\n\t\t\t<div class=\"elementor-column-wrap  elementor-element-populated\">\n\t\t\t\t\t<div class=\"elementor-widget-wrap\">\n\t\t\t\t<div class=\"elementor-element elementor-element-7345105 elementor-hidden-tablet elementor-hidden-phone elementor-widget elementor-widget-spacer\" data-id=\"7345105\" data-element_type=\"widget\" data-widget_type=\"spacer.default\">\n\t\t\t\t<div class=\"elementor-widget-container\">\n\t\t\t\t\t<div class=\"elementor-spacer\">\n\t\t\t<div class=\"elementor-spacer-inner\"><\/div>\n\t\t<\/div>\n\t\t\t\t<\/div>\n\t\t\t\t<\/div>\n\t\t\t\t<div class=\"elementor-element elementor-element-7f58a66 elementor-widget__width-inherit elementor-widget elementor-widget-heading\" data-id=\"7f58a66\" data-element_type=\"widget\" data-widget_type=\"heading.default\">\n\t\t\t\t<div class=\"elementor-widget-container\">\n\t\t\t<h2 class=\"elementor-heading-title elementor-size-default\">O QUE VOC\u00ca VAI VER NESTA PLANILHA:<\/h2>\t\t<\/div>\n\t\t\t\t<\/div>\n\t\t\t\t<section class=\"elementor-element elementor-element-dd55c2b elementor-section-boxed elementor-section-height-default elementor-section-height-default elementor-section elementor-inner-section\" data-id=\"dd55c2b\" data-element_type=\"section\">\n\t\t\t\t\t\t<div class=\"elementor-container elementor-column-gap-default\">\n\t\t\t\t<div class=\"elementor-row\">\n\t\t\t\t<div class=\"elementor-element elementor-element-4b28a14 elementor-column elementor-col-50 elementor-inner-column\" data-id=\"4b28a14\" data-element_type=\"column\">\n\t\t\t<div class=\"elementor-column-wrap  elementor-element-populated\">\n\t\t\t\t\t<div class=\"elementor-widget-wrap\">\n\t\t\t\t<div class=\"elementor-element elementor-element-e0a421e elementor-view-default elementor-position-top elementor-vertical-align-top elementor-widget elementor-widget-icon-box\" data-id=\"e0a421e\" data-element_type=\"widget\" data-widget_type=\"icon-box.default\">\n\t\t\t\t<div class=\"elementor-widget-container\">\n\t\t\t\t\t<div class=\"elementor-icon-box-wrapper\">\n\t\t\t\t\t\t<div class=\"elementor-icon-box-icon\">\n\t\t\t\t<span class=\"elementor-icon elementor-animation-\" >\n\t\t\t\t<i aria-hidden=\"true\" class=\"fas fa-check\"><\/i>\t\t\t\t<\/span>\n\t\t\t<\/div>\n\t\t\t\t\t\t<div class=\"elementor-icon-box-content\">\n\t\t\t\t<h3 class=\"elementor-icon-box-title\">\n\t\t\t\t\t<span >Dose por metro\t\t<\/span>\n\t\t\t\t<\/h3>\n\t\t\t\t\t\t\t<\/div>\n\t\t<\/div>\n\t\t\t\t<\/div>\n\t\t\t\t<\/div>\n\t\t\t\t\t\t<\/div>\n\t\t\t<\/div>\n\t\t<\/div>\n\t\t\t\t<div class=\"elementor-element elementor-element-a3ebea6 elementor-column elementor-col-50 elementor-inner-column\" data-id=\"a3ebea6\" data-element_type=\"column\">\n\t\t\t<div class=\"elementor-column-wrap  elementor-element-populated\">\n\t\t\t\t\t<div class=\"elementor-widget-wrap\">\n\t\t\t\t<div class=\"elementor-element elementor-element-5846abd elementor-view-default elementor-position-top elementor-vertical-align-top elementor-widget elementor-widget-icon-box\" data-id=\"5846abd\" data-element_type=\"widget\" data-widget_type=\"icon-box.default\">\n\t\t\t\t<div class=\"elementor-widget-container\">\n\t\t\t\t\t<div class=\"elementor-icon-box-wrapper\">\n\t\t\t\t\t\t<div class=\"elementor-icon-box-icon\">\n\t\t\t\t<span class=\"elementor-icon elementor-animation-\" >\n\t\t\t\t<i aria-hidden=\"true\" class=\"fas fa-check\"><\/i>\t\t\t\t<\/span>\n\t\t\t<\/div>\n\t\t\t\t\t\t<div class=\"elementor-icon-box-content\">\n\t\t\t\t<h3 class=\"elementor-icon-box-title\">\n\t\t\t\t\t<span >Dose por Hectare<\/span>\n\t\t\t\t<\/h3>\n\t\t\t\t\t\t\t<\/div>\n\t\t<\/div>\n\t\t\t\t<\/div>\n\t\t\t\t<\/div>\n\t\t\t\t\t\t<\/div>\n\t\t\t<\/div>\n\t\t<\/div>\n\t\t\t\t\t\t<\/div>\n\t\t\t<\/div>\n\t\t<\/section>\n\t\t\t\t<section class=\"elementor-element elementor-element-1900385 elementor-section-boxed elementor-section-height-default elementor-section-height-default elementor-section elementor-inner-section\" data-id=\"1900385\" data-element_type=\"section\">\n\t\t\t\t\t\t<div class=\"elementor-container elementor-column-gap-default\">\n\t\t\t\t<div class=\"elementor-row\">\n\t\t\t\t<div class=\"elementor-element elementor-element-2c7e648 elementor-column elementor-col-100 elementor-inner-column\" data-id=\"2c7e648\" data-element_type=\"column\">\n\t\t\t<div class=\"elementor-column-wrap  elementor-element-populated\">\n\t\t\t\t\t<div class=\"elementor-widget-wrap\">\n\t\t\t\t<div class=\"elementor-element elementor-element-ec04e6a elementor-view-default elementor-position-top elementor-vertical-align-top elementor-widget elementor-widget-icon-box\" data-id=\"ec04e6a\" data-element_type=\"widget\" data-widget_type=\"icon-box.default\">\n\t\t\t\t<div class=\"elementor-widget-container\">\n\t\t\t\t\t<div class=\"elementor-icon-box-wrapper\">\n\t\t\t\t\t\t<div class=\"elementor-icon-box-icon\">\n\t\t\t\t<span class=\"elementor-icon elementor-animation-\" >\n\t\t\t\t<i aria-hidden=\"true\" class=\"fas fa-check\"><\/i>\t\t\t\t<\/span>\n\t\t\t<\/div>\n\t\t\t\t\t\t<div class=\"elementor-icon-box-content\">\n\t\t\t\t<h3 class=\"elementor-icon-box-title\">\n\t\t\t\t\t<span >Total por bica\t\t<\/span>\n\t\t\t\t<\/h3>\n\t\t\t\t\t\t\t<\/div>\n\t\t<\/div>\n\t\t\t\t<\/div>\n\t\t\t\t<\/div>\n\t\t\t\t\t\t<\/div>\n\t\t\t<\/div>\n\t\t<\/div>\n\t\t\t\t\t\t<\/div>\n\t\t\t<\/div>\n\t\t<\/section>\n\t\t\t\t\t\t<\/div>\n\t\t\t<\/div>\n\t\t<\/div>\n\t\t\t\t\t\t<\/div>\n\t\t\t<\/div>\n\t\t<\/section>\n\t\t\t\t<section class=\"elementor-element elementor-element-abe9b83 elementor-section-full_width elementor-section-height-default elementor-section-height-default elementor-section elementor-top-section\" data-id=\"abe9b83\" data-element_type=\"section\" data-settings=\"{&quot;background_background&quot;:&quot;classic&quot;}\">\n\t\t\t\t\t\t\t<div class=\"elementor-background-overlay\"><\/div>\n\t\t\t\t\t\t\t<div class=\"elementor-container elementor-column-gap-default\">\n\t\t\t\t<div class=\"elementor-row\">\n\t\t\t\t<div class=\"elementor-element elementor-element-8f95fa9 elementor-column elementor-col-100 elementor-top-column\" data-id=\"8f95fa9\" data-element_type=\"column\">\n\t\t\t<div class=\"elementor-column-wrap  elementor-element-populated\">\n\t\t\t\t\t<div class=\"elementor-widget-wrap\">\n\t\t\t\t<div class=\"elementor-element elementor-element-62cb997 elementor-hidden-phone elementor-widget elementor-widget-spacer\" data-id=\"62cb997\" data-element_type=\"widget\" data-widget_type=\"spacer.default\">\n\t\t\t\t<div class=\"elementor-widget-container\">\n\t\t\t\t\t<div class=\"elementor-spacer\">\n\t\t\t<div class=\"elementor-spacer-inner\"><\/div>\n\t\t<\/div>\n\t\t\t\t<\/div>\n\t\t\t\t<\/div>\n\t\t\t\t<div class=\"elementor-element elementor-element-331d644 elementor-widget elementor-widget-heading\" data-id=\"331d644\" data-element_type=\"widget\" data-widget_type=\"heading.default\">\n\t\t\t\t<div class=\"elementor-widget-container\">\n\t\t\t<h2 class=\"elementor-heading-title elementor-size-default\">Economize at\u00e9 10% em insumos na safra<\/h2>\t\t<\/div>\n\t\t\t\t<\/div>\n\t\t\t\t<div class=\"elementor-element elementor-element-a7b6114 elementor-widget elementor-widget-heading\" data-id=\"a7b6114\" data-element_type=\"widget\" data-widget_type=\"heading.default\">\n\t\t\t\t<div class=\"elementor-widget-container\">\n\t\t\t<h2 class=\"elementor-heading-title elementor-size-default\">Agrointeli proporciona insights inteligentes e processos que minimizam custos de aplica\u00e7\u00f5es desnecess\u00e1rias<\/h2>\t\t<\/div>\n\t\t\t\t<\/div>\n\t\t\t\t<div class=\"elementor-element elementor-element-46c422a elementor-button-success elementor-align-center elementor-widget elementor-widget-button\" data-id=\"46c422a\" data-element_type=\"widget\" data-widget_type=\"button.default\">\n\t\t\t\t<div class=\"elementor-widget-container\">\n\t\t\t\t\t<div class=\"elementor-button-wrapper\">\n\t\t\t<a href=\"http:\/\/lp.agrointeli.com.br\/LP\/?utm_source=site&#038;utm_medium=planilha_calibracao_adubo\" class=\"elementor-button-link elementor-button elementor-size-xl\" role=\"button\">\n\t\t\t\t\t\t<span class=\"elementor-button-content-wrapper\">\n\t\t\t\t\t\t<span class=\"elementor-button-text\">QUERO EXPERIMENTAR<\/span>\n\t\t<\/span>\n\t\t\t\t\t<\/a>\n\t\t<\/div>\n\t\t\t\t<\/div>\n\t\t\t\t<\/div>\n\t\t\t\t\t\t<\/div>\n\t\t\t<\/div>\n\t\t<\/div>\n\t\t\t\t\t\t<\/div>\n\t\t\t<\/div>\n\t\t<\/section>\n\t\t\t\t<section class=\"elementor-element elementor-element-a50e608 elementor-section-boxed elementor-section-height-default elementor-section-height-default elementor-section elementor-top-section\" data-id=\"a50e608\" data-element_type=\"section\">\n\t\t\t\t\t\t<div class=\"elementor-container elementor-column-gap-default\">\n\t\t\t\t<div class=\"elementor-row\">\n\t\t\t\t<div class=\"elementor-element elementor-element-d6a804d elementor-column elementor-col-100 elementor-top-column\" data-id=\"d6a804d\" data-element_type=\"column\">\n\t\t\t<div class=\"elementor-column-wrap  elementor-element-populated\">\n\t\t\t\t\t<div class=\"elementor-widget-wrap\">\n\t\t\t\t<div class=\"elementor-element elementor-element-a5b5d5a elementor-widget elementor-widget-image\" data-id=\"a5b5d5a\" data-element_type=\"widget\" data-widget_type=\"image.default\">\n\t\t\t\t<div class=\"elementor-widget-container\">\n\t\t\t\t\t<div class=\"elementor-image\">\n\t\t\t\t\t\t\t\t\t\t\t<a href=\"http:\/\/agrointeli.com.br\/\">\n\t\t\t\t\t\t\t<img width=\"300\" height=\"38\" src=\"https:\/\/lp.agrointeli.com.br\/LP\/wp-content\/uploads\/2020\/03\/agro-300x38.png\" class=\"attachment-medium size-medium\" alt=\"\" loading=\"lazy\" srcset=\"https:\/\/lp.agrointeli.com.br\/LP\/wp-content\/uploads\/2020\/03\/agro-300x38.png 300w, https:\/\/lp.agrointeli.com.br\/LP\/wp-content\/uploads\/2020\/03\/agro-1024x129.png 1024w, https:\/\/lp.agrointeli.com.br\/LP\/wp-content\/uploads\/2020\/03\/agro-768x97.png 768w, https:\/\/lp.agrointeli.com.br\/LP\/wp-content\/uploads\/2020\/03\/agro-1536x194.png 1536w, https:\/\/lp.agrointeli.com.br\/LP\/wp-content\/uploads\/2020\/03\/agro-2048x258.png 2048w, https:\/\/lp.agrointeli.com.br\/LP\/wp-content\/uploads\/2020\/03\/agro-1080x136.png 1080w, https:\/\/lp.agrointeli.com.br\/LP\/wp-content\/uploads\/2020\/03\/agro-610x77.png 610w, https:\/\/lp.agrointeli.com.br\/LP\/wp-content\/uploads\/2020\/03\/agro-750x95.png 750w, https:\/\/lp.agrointeli.com.br\/LP\/wp-content\/uploads\/2020\/03\/agro-1140x144.png 1140w\" sizes=\"100vw\" \/>\t\t\t\t\t\t\t\t<\/a>\n\t\t\t\t\t\t\t\t\t\t\t<\/div>\n\t\t\t\t<\/div>\n\t\t\t\t<\/div>\n\t\t\t\t\t\t<\/div>\n\t\t\t<\/div>\n\t\t<\/div>\n\t\t\t\t\t\t<\/div>\n\t\t\t<\/div>\n\t\t<\/section>\n\t\t\t\t\t\t<\/div>\n\t\t\t<\/div>\n\t\t<\/div>\n\t\t","protected":false},"excerpt":{"rendered":"<p>Planilha Gratuita de Calibra\u00e7\u00e3o de Adubo Para a sua Lavoura de Gr\u00e3os Nome: E-mail: Telefone: \u00c1rea do plantio (em hectares): Selecione &#8230;1 a 5051 a 300301 a 700701 a 20002001 a 5000Acima de 5000 Atividade Agr\u00edcola Selecione &#8230;Gr\u00e3os (arroz, milho, soja, feij\u00e3o etc)Cana-de-a\u00e7\u00facarPecu\u00e1riaCafeiculturaIntegra\u00e7\u00e3o (Pecu\u00e1ria e Gr\u00e3os)Outros Voc\u00ea \u00e9 ? Produtor (a) RuralConsultor (a) Agr\u00edcolaGrupo Agr\u00edcolaCooperativaRevenda &hellip; <\/p>\n<p class=\"link-more\"><a href=\"https:\/\/lp.agrointeli.com.br\/LP\/planilha-calibracao-de-adubo\/\" class=\"more-link\">Continue lendo<span class=\"screen-reader-text\"> &#8220;Planilha Calibra\u00e7\u00e3o de Adubo&#8221;<\/span><\/a><\/p>\n","protected":false},"author":2,"featured_media":0,"parent":0,"menu_order":0,"comment_status":"closed","ping_status":"closed","template":"elementor_canvas","meta":{"_coblocks_attr":"","_coblocks_dimensions":"","_coblocks_responsive_height":"","_coblocks_accordion_ie_support":"","_et_pb_use_builder":"","_et_pb_old_content":"","_et_gb_content_width":""},"_links":{"self":[{"href":"https:\/\/lp.agrointeli.com.br\/LP\/wp-json\/wp\/v2\/pages\/2798"}],"collection":[{"href":"https:\/\/lp.agrointeli.com.br\/LP\/wp-json\/wp\/v2\/pages"}],"about":[{"href":"https:\/\/lp.agrointeli.com.br\/LP\/wp-json\/wp\/v2\/types\/page"}],"author":[{"embeddable":true,"href":"https:\/\/lp.agrointeli.com.br\/LP\/wp-json\/wp\/v2\/users\/2"}],"replies":[{"embeddable":true,"href":"https:\/\/lp.agrointeli.com.br\/LP\/wp-json\/wp\/v2\/comments?post=2798"}],"version-history":[{"count":5,"href":"https:\/\/lp.agrointeli.com.br\/LP\/wp-json\/wp\/v2\/pages\/2798\/revisions"}],"predecessor-version":[{"id":2824,"href":"https:\/\/lp.agrointeli.com.br\/LP\/wp-json\/wp\/v2\/pages\/2798\/revisions\/2824"}],"wp:attachment":[{"href":"https:\/\/lp.agrointeli.com.br\/LP\/wp-json\/wp\/v2\/media?parent=2798"}],"curies":[{"name":"wp","href":"https:\/\/api.w.org\/{rel}","templated":true}]}}