{"id":2929,"date":"2020-04-29T15:51:33","date_gmt":"2020-04-29T18:51:33","guid":{"rendered":"http:\/\/lp.agrointeli.com.br\/LP\/?page_id=2929"},"modified":"2020-08-28T00:55:56","modified_gmt":"2020-08-28T03:55:56","slug":"webserie-mip","status":"publish","type":"page","link":"https:\/\/lp.agrointeli.com.br\/LP\/webserie-mip\/","title":{"rendered":"MONITORAMENTO INTEGRADO DE PRAGAS"},"content":{"rendered":"\t\t<div data-elementor-type=\"wp-page\" data-elementor-id=\"2929\" class=\"elementor elementor-2929\" data-elementor-settings=\"[]\">\n\t\t\t<div class=\"elementor-inner\">\n\t\t\t\t<div class=\"elementor-section-wrap\">\n\t\t\t\t\t\t\t<section class=\"elementor-element elementor-element-d751841 elementor-section-boxed elementor-section-height-default elementor-section-height-default elementor-section elementor-top-section\" data-id=\"d751841\" data-element_type=\"section\">\n\t\t\t\t\t\t<div class=\"elementor-container elementor-column-gap-default\">\n\t\t\t\t<div class=\"elementor-row\">\n\t\t\t\t<div class=\"elementor-element elementor-element-eb53690 elementor-column elementor-col-100 elementor-top-column\" data-id=\"eb53690\" data-element_type=\"column\">\n\t\t\t<div class=\"elementor-column-wrap  elementor-element-populated\">\n\t\t\t\t\t<div class=\"elementor-widget-wrap\">\n\t\t\t\t<div class=\"elementor-element elementor-element-f598f19 elementor-widget elementor-widget-html\" data-id=\"f598f19\" data-element_type=\"widget\" data-widget_type=\"html.default\">\n\t\t\t\t<div class=\"elementor-widget-container\">\n\t\t\t<!-- Global site tag (gtag.js) - Google Analytics -->\r\n<script async src=\"https:\/\/www.googletagmanager.com\/gtag\/js?id=UA-160168076-1\"><\/script>\r\n<script>\r\n  window.dataLayer = window.dataLayer || [];\r\n  function gtag(){dataLayer.push(arguments);}\r\n  gtag('js', new Date());\r\n\r\n  gtag('config', 'UA-160168076-1');\r\n<\/script>\r\n<script type=\"text\/javascript\">\r\n    window.smartlook||(function(d) {\r\n    var o=smartlook=function(){ o.api.push(arguments)},h=d.getElementsByTagName('head')[0];\r\n    var c=d.createElement('script');o.api=new Array();c.async=true;c.type='text\/javascript';\r\n    c.charset='utf-8';c.src='https:\/\/rec.smartlook.com\/recorder.js';h.appendChild(c);\r\n    })(document);\r\n    smartlook('init', '93ae9a1acfa0f37a85da48bbcdc7c7507fd34c9c');\r\n<\/script>\r\n<!-- Facebook Pixel Code LPS -->\r\n<script>\r\n!function(f,b,e,v,n,t,s)\r\n{if(f.fbq)return;n=f.fbq=function(){n.callMethod?\r\nn.callMethod.apply(n,arguments):n.queue.push(arguments)};\r\nif(!f._fbq)f._fbq=n;n.push=n;n.loaded=!0;n.version='2.0';\r\nn.queue=[];t=b.createElement(e);t.async=!0;\r\nt.src=v;s=b.getElementsByTagName(e)[0];\r\ns.parentNode.insertBefore(t,s)}(window, document,'script',\r\n'https:\/\/connect.facebook.net\/en_US\/fbevents.js');\r\nfbq('init', '184073326018885');\r\nfbq('track', 'PageView');\r\n<\/script>\r\n<noscript><img height=\"1\" width=\"1\" style=\"display:none\"\r\nsrc=\"https:\/\/www.facebook.com\/tr?id=184073326018885&ev=PageView&noscript=1\"\r\n\/><\/noscript>\r\n<!-- End Facebook Pixel Code -->\t\t<\/div>\n\t\t\t\t<\/div>\n\t\t\t\t\t\t<\/div>\n\t\t\t<\/div>\n\t\t<\/div>\n\t\t\t\t\t\t<\/div>\n\t\t\t<\/div>\n\t\t<\/section>\n\t\t\t\t<section class=\"elementor-element elementor-element-56fef821 elementor-section-boxed elementor-section-height-default elementor-section-height-default elementor-section elementor-top-section\" data-id=\"56fef821\" data-element_type=\"section\">\n\t\t\t\t\t\t<div class=\"elementor-container elementor-column-gap-default\">\n\t\t\t\t<div class=\"elementor-row\">\n\t\t\t\t<div class=\"elementor-element elementor-element-7cd9af13 elementor-column elementor-col-100 elementor-top-column\" data-id=\"7cd9af13\" data-element_type=\"column\">\n\t\t\t<div class=\"elementor-column-wrap  elementor-element-populated\">\n\t\t\t\t\t<div class=\"elementor-widget-wrap\">\n\t\t\t\t<div class=\"elementor-element elementor-element-115a0c4b elementor-widget elementor-widget-text-editor\" data-id=\"115a0c4b\" data-element_type=\"widget\" data-widget_type=\"text-editor.default\">\n\t\t\t\t<div class=\"elementor-widget-container\">\n\t\t\t\t\t<div class=\"elementor-text-editor elementor-clearfix\"><!-- wp:divi\/placeholder \/--><\/div>\n\t\t\t\t<\/div>\n\t\t\t\t<\/div>\n\t\t\t\t\t\t<\/div>\n\t\t\t<\/div>\n\t\t<\/div>\n\t\t\t\t\t\t<\/div>\n\t\t\t<\/div>\n\t\t<\/section>\n\t\t\t\t<section class=\"elementor-element elementor-element-8616a34 elementor-section-boxed elementor-section-height-default elementor-section-height-default elementor-section elementor-top-section\" data-id=\"8616a34\" data-element_type=\"section\" data-settings=\"{&quot;background_background&quot;:&quot;classic&quot;}\">\n\t\t\t\t\t\t<div class=\"elementor-container elementor-column-gap-default\">\n\t\t\t\t<div class=\"elementor-row\">\n\t\t\t\t<div class=\"elementor-element elementor-element-ce6ecbc elementor-column elementor-col-100 elementor-top-column\" data-id=\"ce6ecbc\" data-element_type=\"column\">\n\t\t\t<div class=\"elementor-column-wrap  elementor-element-populated\">\n\t\t\t\t\t<div class=\"elementor-widget-wrap\">\n\t\t\t\t<div class=\"elementor-element elementor-element-1886d8e elementor-widget elementor-widget-heading\" data-id=\"1886d8e\" data-element_type=\"widget\" data-widget_type=\"heading.default\">\n\t\t\t\t<div class=\"elementor-widget-container\">\n\t\t\t<h1 class=\"elementor-heading-title elementor-size-default\">Descubra Como Funciona o M\u00e9todo para Monitorar Lavouras que <span style=\"color: #fb9b0a;\"><b>Gera um Maior Controle de Pragas e Economia de Aplica\u00e7\u00e3o de Defensivos<\/b><\/span> <u>Mesmo que Voc\u00ea N\u00e3o tenha um Hist\u00f3rico Guardado<\/u><\/h1>\t\t<\/div>\n\t\t\t\t<\/div>\n\t\t\t\t<div class=\"elementor-element elementor-element-8ff035f elementor-widget elementor-widget-text-editor\" data-id=\"8ff035f\" data-element_type=\"widget\" data-widget_type=\"text-editor.default\">\n\t\t\t\t<div class=\"elementor-widget-container\">\n\t\t\t\t\t<div class=\"elementor-text-editor elementor-clearfix\"><p><span style=\"font-weight: 400;\">O Jeito Simples de Come\u00e7ar o Monitoramento Que poucos Fazem. Agora liberado Gratuitamente<\/span><\/p><\/div>\n\t\t\t\t<\/div>\n\t\t\t\t<\/div>\n\t\t\t\t\t\t<\/div>\n\t\t\t<\/div>\n\t\t<\/div>\n\t\t\t\t\t\t<\/div>\n\t\t\t<\/div>\n\t\t<\/section>\n\t\t\t\t<section class=\"elementor-element elementor-element-e8ff11b elementor-section-boxed elementor-section-height-default elementor-section-height-default elementor-section elementor-top-section\" data-id=\"e8ff11b\" data-element_type=\"section\">\n\t\t\t\t\t\t<div class=\"elementor-container elementor-column-gap-default\">\n\t\t\t\t<div class=\"elementor-row\">\n\t\t\t\t<div class=\"elementor-element elementor-element-bd8189d elementor-column elementor-col-50 elementor-top-column\" data-id=\"bd8189d\" data-element_type=\"column\">\n\t\t\t<div class=\"elementor-column-wrap  elementor-element-populated\">\n\t\t\t\t\t<div class=\"elementor-widget-wrap\">\n\t\t\t\t<div class=\"elementor-element elementor-element-75f8c45 elementor-hidden-phone elementor-widget elementor-widget-spacer\" data-id=\"75f8c45\" data-element_type=\"widget\" data-widget_type=\"spacer.default\">\n\t\t\t\t<div class=\"elementor-widget-container\">\n\t\t\t\t\t<div class=\"elementor-spacer\">\n\t\t\t<div class=\"elementor-spacer-inner\"><\/div>\n\t\t<\/div>\n\t\t\t\t<\/div>\n\t\t\t\t<\/div>\n\t\t\t\t<div class=\"elementor-element elementor-element-5721293 elementor-widget elementor-widget-heading\" data-id=\"5721293\" data-element_type=\"widget\" data-widget_type=\"heading.default\">\n\t\t\t\t<div class=\"elementor-widget-container\">\n\t\t\t<h2 class=\"elementor-heading-title elementor-size-default\">S\u00e9rie Gratuita Revela Como Fazer Monitoramento de Pragas na sua Lavoura\n<\/h2>\t\t<\/div>\n\t\t\t\t<\/div>\n\t\t\t\t<div class=\"elementor-element elementor-element-26db660 elementor-widget elementor-widget-text-editor\" data-id=\"26db660\" data-element_type=\"widget\" data-widget_type=\"text-editor.default\">\n\t\t\t\t<div class=\"elementor-widget-container\">\n\t\t\t\t\t<div class=\"elementor-text-editor elementor-clearfix\"><p><span style=\"font-weight: 400;\">Essa <strong>s\u00e9rie de 5 partes<\/strong> vai explicar o que voc\u00ea precisa saber para controlar de vez ou pelo menos ter um maior controle de infesta\u00e7\u00f5es mesmo que voc\u00ea nunca tenha feito nada antes ou que voc\u00ea n\u00e3o tenha tanta experi\u00eancia assim.<\/span><\/p><\/div>\n\t\t\t\t<\/div>\n\t\t\t\t<\/div>\n\t\t\t\t<div class=\"elementor-element elementor-element-9cda0f3 elementor-widget elementor-widget-text-editor\" data-id=\"9cda0f3\" data-element_type=\"widget\" data-widget_type=\"text-editor.default\">\n\t\t\t\t<div class=\"elementor-widget-container\">\n\t\t\t\t\t<div class=\"elementor-text-editor elementor-clearfix\"><ul>\n<li><span style=\"font-weight: 400;\">A Oportunidade da vez &#8211;<strong> a melhor estrat\u00e9gia<\/strong> para prote\u00e7\u00e3o da lavoura;<\/span><\/li>\n<li><span style=\"font-weight: 400;\">O M\u00e9todo para Criar um <strong>Monitoramento Efetivo<\/strong> &#8211; Consultores, T\u00e9cnicos agr\u00edcolas, Agr\u00f4nomos produtores dos mais diversos ramos e at\u00e9 estagi\u00e1rios deveriam estar fazendo isso\u2026<\/span><\/li>\n<li><span style=\"font-weight: 400;\">Estrat\u00e9gias e t\u00e1ticas mais efetivas de <strong>combate \u00e0s doen\u00e7as e pragas;<\/strong><\/span><\/li>\n<li><span style=\"font-weight: 400;\"><strong>Tecnologias existentes<\/strong>, que voc\u00ea pode come\u00e7ar em alguns dias ou semanas, o combate das pragas;<\/span><\/li>\n<li><span style=\"font-weight: 400;\">E mais, muito mais..<\/span><\/li>\n<\/ul><\/div>\n\t\t\t\t<\/div>\n\t\t\t\t<\/div>\n\t\t\t\t\t\t<\/div>\n\t\t\t<\/div>\n\t\t<\/div>\n\t\t\t\t<div class=\"elementor-element elementor-element-770d124 elementor-column elementor-col-50 elementor-top-column\" data-id=\"770d124\" data-element_type=\"column\">\n\t\t\t<div class=\"elementor-column-wrap  elementor-element-populated\">\n\t\t\t\t\t<div class=\"elementor-widget-wrap\">\n\t\t\t\t<div class=\"elementor-element elementor-element-7c3c452 elementor-hidden-phone elementor-widget elementor-widget-spacer\" data-id=\"7c3c452\" data-element_type=\"widget\" data-widget_type=\"spacer.default\">\n\t\t\t\t<div class=\"elementor-widget-container\">\n\t\t\t\t\t<div class=\"elementor-spacer\">\n\t\t\t<div class=\"elementor-spacer-inner\"><\/div>\n\t\t<\/div>\n\t\t\t\t<\/div>\n\t\t\t\t<\/div>\n\t\t\t\t<div class=\"elementor-element elementor-element-eeaaace elementor-widget elementor-widget-heading\" data-id=\"eeaaace\" data-element_type=\"widget\" data-widget_type=\"heading.default\">\n\t\t\t\t<div class=\"elementor-widget-container\">\n\t\t\t<h3 class=\"elementor-heading-title elementor-size-default\">S\u00e9rie Gratuita: O M\u00e9todo de Monitoramento de pragas e Doen\u00e7as nas Lavouras\n<\/h3>\t\t<\/div>\n\t\t\t\t<\/div>\n\t\t\t\t<div class=\"elementor-element elementor-element-fd3a435 elementor-widget elementor-widget-text-editor\" data-id=\"fd3a435\" data-element_type=\"widget\" data-widget_type=\"text-editor.default\">\n\t\t\t\t<div class=\"elementor-widget-container\">\n\t\t\t\t\t<div class=\"elementor-text-editor elementor-clearfix\"><p><span style=\"font-weight: 400;\">Digite os seus dados nos campos abaixo.<\/span><\/p><\/div>\n\t\t\t\t<\/div>\n\t\t\t\t<\/div>\n\t\t\t\t<div class=\"elementor-element elementor-element-d3e4dbb elementor-widget elementor-widget-html\" data-id=\"d3e4dbb\" data-element_type=\"widget\" data-widget_type=\"html.default\">\n\t\t\t\t<div class=\"elementor-widget-container\">\n\t\t\t<div role=\"main\" id=\"tofu-web-serie-lp-antiga-61db5a77ad914c98f002\"><\/div>\r\n<script type=\"text\/javascript\" src=\"https:\/\/d335luupugsy2.cloudfront.net\/js\/rdstation-forms\/stable\/rdstation-forms.min.js\"><\/script>\r\n<script type=\"text\/javascript\"> new RDStationForms('tofu-web-serie-lp-antiga-61db5a77ad914c98f002', 'UA-160168076-1').createForm();<\/script>\t\t<\/div>\n\t\t\t\t<\/div>\n\t\t\t\t\t\t<\/div>\n\t\t\t<\/div>\n\t\t<\/div>\n\t\t\t\t\t\t<\/div>\n\t\t\t<\/div>\n\t\t<\/section>\n\t\t\t\t<section class=\"elementor-element elementor-element-562ab8d elementor-section-boxed elementor-section-height-default elementor-section-height-default elementor-section elementor-top-section\" data-id=\"562ab8d\" data-element_type=\"section\">\n\t\t\t\t\t\t<div class=\"elementor-container elementor-column-gap-default\">\n\t\t\t\t<div class=\"elementor-row\">\n\t\t\t\t<div class=\"elementor-element elementor-element-0f0c86e elementor-column elementor-col-100 elementor-top-column\" data-id=\"0f0c86e\" data-element_type=\"column\">\n\t\t\t<div class=\"elementor-column-wrap  elementor-element-populated\">\n\t\t\t\t\t<div class=\"elementor-widget-wrap\">\n\t\t\t\t<div class=\"elementor-element elementor-element-2e58c0e elementor-widget elementor-widget-spacer\" data-id=\"2e58c0e\" data-element_type=\"widget\" data-widget_type=\"spacer.default\">\n\t\t\t\t<div class=\"elementor-widget-container\">\n\t\t\t\t\t<div class=\"elementor-spacer\">\n\t\t\t<div class=\"elementor-spacer-inner\"><\/div>\n\t\t<\/div>\n\t\t\t\t<\/div>\n\t\t\t\t<\/div>\n\t\t\t\t\t\t<\/div>\n\t\t\t<\/div>\n\t\t<\/div>\n\t\t\t\t\t\t<\/div>\n\t\t\t<\/div>\n\t\t<\/section>\n\t\t\t\t<section class=\"elementor-element elementor-element-b50b3f8 elementor-section-boxed elementor-section-height-default elementor-section-height-default elementor-section elementor-top-section\" data-id=\"b50b3f8\" data-element_type=\"section\" data-settings=\"{&quot;background_background&quot;:&quot;classic&quot;}\">\n\t\t\t\t\t\t<div class=\"elementor-container elementor-column-gap-default\">\n\t\t\t\t<div class=\"elementor-row\">\n\t\t\t\t<div class=\"elementor-element elementor-element-e595bcf elementor-column elementor-col-100 elementor-top-column\" data-id=\"e595bcf\" data-element_type=\"column\">\n\t\t\t<div class=\"elementor-column-wrap  elementor-element-populated\">\n\t\t\t\t\t<div class=\"elementor-widget-wrap\">\n\t\t\t\t<div class=\"elementor-element elementor-element-e4145f4 elementor-widget elementor-widget-text-editor\" data-id=\"e4145f4\" data-element_type=\"widget\" data-widget_type=\"text-editor.default\">\n\t\t\t\t<div class=\"elementor-widget-container\">\n\t\t\t\t\t<div class=\"elementor-text-editor elementor-clearfix\"><p>Copyright @ 2020 Agrointeli<\/p><\/div>\n\t\t\t\t<\/div>\n\t\t\t\t<\/div>\n\t\t\t\t\t\t<\/div>\n\t\t\t<\/div>\n\t\t<\/div>\n\t\t\t\t\t\t<\/div>\n\t\t\t<\/div>\n\t\t<\/section>\n\t\t\t\t\t\t<\/div>\n\t\t\t<\/div>\n\t\t<\/div>\n\t\t","protected":false},"excerpt":{"rendered":"<p>Descubra Como Funciona o M\u00e9todo para Monitorar Lavouras que Gera um Maior Controle de Pragas e Economia de Aplica\u00e7\u00e3o de Defensivos Mesmo que Voc\u00ea N\u00e3o tenha um Hist\u00f3rico Guardado O Jeito Simples de Come\u00e7ar o Monitoramento Que poucos Fazem. Agora liberado Gratuitamente S\u00e9rie Gratuita Revela Como Fazer Monitoramento de Pragas na sua Lavoura Essa s\u00e9rie &hellip; <\/p>\n<p class=\"link-more\"><a href=\"https:\/\/lp.agrointeli.com.br\/LP\/webserie-mip\/\" class=\"more-link\">Continue lendo<span class=\"screen-reader-text\"> &#8220;MONITORAMENTO INTEGRADO DE PRAGAS&#8221;<\/span><\/a><\/p>\n","protected":false},"author":5,"featured_media":1119,"parent":0,"menu_order":0,"comment_status":"closed","ping_status":"closed","template":"elementor_canvas","meta":{"_coblocks_attr":"","_coblocks_dimensions":"","_coblocks_responsive_height":"","_coblocks_accordion_ie_support":"","_et_pb_use_builder":"","_et_pb_old_content":"","_et_gb_content_width":""},"_links":{"self":[{"href":"https:\/\/lp.agrointeli.com.br\/LP\/wp-json\/wp\/v2\/pages\/2929"}],"collection":[{"href":"https:\/\/lp.agrointeli.com.br\/LP\/wp-json\/wp\/v2\/pages"}],"about":[{"href":"https:\/\/lp.agrointeli.com.br\/LP\/wp-json\/wp\/v2\/types\/page"}],"author":[{"embeddable":true,"href":"https:\/\/lp.agrointeli.com.br\/LP\/wp-json\/wp\/v2\/users\/5"}],"replies":[{"embeddable":true,"href":"https:\/\/lp.agrointeli.com.br\/LP\/wp-json\/wp\/v2\/comments?post=2929"}],"version-history":[{"count":14,"href":"https:\/\/lp.agrointeli.com.br\/LP\/wp-json\/wp\/v2\/pages\/2929\/revisions"}],"predecessor-version":[{"id":3485,"href":"https:\/\/lp.agrointeli.com.br\/LP\/wp-json\/wp\/v2\/pages\/2929\/revisions\/3485"}],"wp:featuredmedia":[{"embeddable":true,"href":"https:\/\/lp.agrointeli.com.br\/LP\/wp-json\/wp\/v2\/media\/1119"}],"wp:attachment":[{"href":"https:\/\/lp.agrointeli.com.br\/LP\/wp-json\/wp\/v2\/media?parent=2929"}],"curies":[{"name":"wp","href":"https:\/\/api.w.org\/{rel}","templated":true}]}}